{"id":2899,"date":"2021-07-20T15:45:50","date_gmt":"2021-07-20T15:45:50","guid":{"rendered":"https:\/\/rubinundkinder.com\/avis-juridique\/"},"modified":"2026-03-01T18:57:25","modified_gmt":"2026-03-01T18:57:25","slug":"avis-juridique","status":"publish","type":"page","link":"https:\/\/rubinundkinder.com\/fr\/avis-juridique\/","title":{"rendered":"Avis juridique"},"content":{"rendered":"\t\t<div data-elementor-type=\"wp-page\" data-elementor-id=\"2899\" class=\"elementor elementor-2899 elementor-758\" data-elementor-post-type=\"page\">\n\t\t\t\t\t\t<section class=\"elementor-section elementor-top-section elementor-element elementor-element-b51656b elementor-section-boxed elementor-section-height-default elementor-section-height-default\" data-id=\"b51656b\" data-element_type=\"section\" data-e-type=\"section\">\n\t\t\t\t\t\t<div class=\"elementor-container elementor-column-gap-default\">\n\t\t\t\t\t<div class=\"elementor-column elementor-col-100 elementor-top-column elementor-element elementor-element-9810823\" data-id=\"9810823\" data-element_type=\"column\" data-e-type=\"column\">\n\t\t\t<div class=\"elementor-widget-wrap elementor-element-populated\">\n\t\t\t\t\t\t<div class=\"elementor-element elementor-element-9670371 elementor-widget elementor-widget-heading\" data-id=\"9670371\" data-element_type=\"widget\" data-e-type=\"widget\" data-widget_type=\"heading.default\">\n\t\t\t\t<div class=\"elementor-widget-container\">\n\t\t\t\t\t<h2 class=\"elementor-heading-title elementor-size-default\">Avis juridique<\/h2>\t\t\t\t<\/div>\n\t\t\t\t<\/div>\n\t\t\t\t<div class=\"elementor-element elementor-element-87e5b55 elementor-widget elementor-widget-text-editor\" data-id=\"87e5b55\" data-element_type=\"widget\" data-e-type=\"widget\" data-widget_type=\"text-editor.default\">\n\t\t\t\t<div class=\"elementor-widget-container\">\n\t\t\t\t\t\t\t\t\t<p><span dir=\"auto\">Conform\u00e9ment \u00e0 la loi 34\/2002 du 11 juin relative aux services de la soci\u00e9t\u00e9 de l&rsquo;information et au commerce \u00e9lectronique (LSSI), nous vous fournissons des informations concernant le propri\u00e9taire de ce site web\u00a0:<\/span><\/p><p><strong><span dir=\"auto\">RUBIN UND KINDER, SL<\/span><\/strong><br \/><span dir=\"auto\">CIF: B70561105<\/span><br \/><span dir=\"auto\">PLAZA DEL TEBEO, 2, BAJO IZQ. \u2013 15006 A CORU\u00d1A (A CORU\u00d1A)<\/span><br \/><a href=\"mailto:info@rubinundkinder.com\"><span dir=\"auto\">info@rubinundkinder.com<\/span><\/a><\/p><h3><span dir=\"auto\">1. Conditions g\u00e9n\u00e9rales d&rsquo;utilisation du portail<\/span><\/h3><p><span dir=\"auto\">Le site web\u00a0<\/span><a href=\"https:\/\/rubinundkinder.com\/\"><span dir=\"auto\">https:\/\/rubinundkinder.com<\/span><\/a><span dir=\"auto\">\u00a0\u00a0a pour but d&rsquo;informer le grand public de ses promotions.<\/span><\/p><p><span dir=\"auto\">La consultation et l&rsquo;utilisation de ce site web impliquent l&rsquo;acceptation pleine et enti\u00e8re des conditions \u00e9nonc\u00e9es dans les pr\u00e9sentes mentions l\u00e9gales. En utilisant ce site web, vous acceptez d&rsquo;\u00eatre li\u00e9 par ces conditions ainsi que par notre Politique de confidentialit\u00e9 et de cookies. Si vous n&rsquo;acceptez pas l&rsquo;int\u00e9gralit\u00e9 des conditions \u00e9nonc\u00e9es dans nos mentions l\u00e9gales, notre Politique de confidentialit\u00e9 et notre Politique de cookies, vous ne devez pas utiliser ce site web.<\/span><\/p><p><span dir=\"auto\">L\u2019utilisateur s\u2019engage \u00e0 ne pas utiliser le site web \u00e0 des fins ill\u00e9gales ou \u00e0 des fins contraires \u00e0 la bonne foi, \u00e0 l\u2019ordre public ou qui portent atteinte aux droits de tiers.<\/span><\/p><p><strong><span dir=\"auto\">RUBIN UND KINDER, SL<\/span><\/strong><span dir=\"auto\">\u00a0se r\u00e9serve le droit d&rsquo;apporter, sans pr\u00e9avis, toutes modifications qu&rsquo;elle juge appropri\u00e9es \u00e0 son site web, et peut modifier, supprimer, ajouter ou mettre \u00e0 jour les informations contenues sur son site web ou sa configuration et sa pr\u00e9sentation.<\/span><\/p><p><span dir=\"auto\">Nous vous recommandons de v\u00e9rifier la validit\u00e9 et l&rsquo;exactitude du contenu de cette notice l\u00e9gale, car elle peut \u00eatre modifi\u00e9e, afin de maintenir \u00e0 jour les informations publi\u00e9es sur le portail.<\/span><\/p><p><span dir=\"auto\">La validit\u00e9 des pr\u00e9sentes conditions d&rsquo;utilisation d\u00e9pendra des modifications apport\u00e9es au site web. Toutes les modifications pertinentes seront publi\u00e9es.<\/span><\/p><h3><span dir=\"auto\">2. Protection des donn\u00e9es<\/span><\/h3><p><strong><span dir=\"auto\">RUBIN UND KINDER, SL<\/span><\/strong><span dir=\"auto\">\u00a0se conforme aux directives de la r\u00e9glementation en vigueur en mati\u00e8re de protection des donn\u00e9es : la loi organique 3\/2018 du 5 d\u00e9cembre relative \u00e0 la protection des donn\u00e9es personnelles et \u00e0 la garantie des droits num\u00e9riques et le r\u00e8glement g\u00e9n\u00e9ral sur la protection des donn\u00e9es 2016\/679 du Parlement europ\u00e9en et du Conseil du 27 avril 2016 et s&rsquo;engage \u00e0 garantir une utilisation et un traitement corrects des donn\u00e9es personnelles des utilisateurs.<\/span><\/p><p><span dir=\"auto\">Vous devriez consulter la politique de confidentialit\u00e9 de\u00a0<\/span><strong><span dir=\"auto\">WACHSTUN INVERSIONES, SL<\/span><\/strong><span dir=\"auto\"> au lien suivant\u00a0: <a href=\"https:\/\/rubinundkinder.com\/fr\/politique-de-confidentialite\/\">https:\/\/rubinundkinder.com\/fr\/politique-de-confidentialite\/<\/a><\/span><span dir=\"auto\">\u00a0, pour obtenir des informations sur le traitement de vos donn\u00e9es personnelles.<\/span><\/p><h3><span dir=\"auto\">3. Propri\u00e9t\u00e9 intellectuelle et industrielle<\/span><\/h3><p><strong><span dir=\"auto\">RUBIN UND KINDER, SL<\/span><\/strong><span dir=\"auto\">\u00a0d\u00e9tient tous les droits de propri\u00e9t\u00e9 intellectuelle et industrielle sur le contenu de son site web, ainsi que sur toutes les images, sons, fichiers audio, vid\u00e9os, logiciels, textes, marques de commerce ou logos, etc. Ceux-ci sont prot\u00e9g\u00e9s par les droits de propri\u00e9t\u00e9 intellectuelle et industrielle correspondants.<\/span><\/p><p><span dir=\"auto\">La reproduction, la distribution et la communication publique de tout contenu de ce site Web \u00e0 des fins commerciales, sur quelque support que ce soit et par quelque moyen technique que ce soit, sont express\u00e9ment interdites sans l&rsquo;autorisation pr\u00e9alable et expresse de\u00a0<\/span><strong><span dir=\"auto\">RUBIN UND KINDER, SL<\/span><\/strong><span dir=\"auto\">\u00a0.<\/span><\/p><p><span dir=\"auto\">L\u2019utilisation du contenu du site web est autoris\u00e9e uniquement \u00e0 des fins personnelles et priv\u00e9es. Toute autre utilisation doit \u00eatre\u00a0express\u00e9ment communiqu\u00e9e \u00e0\u00a0<\/span><strong><span dir=\"auto\">RUBIN UND KINDER, SL et autoris\u00e9e au pr\u00e9alable par cette derni\u00e8re.<\/span><\/strong><\/p><h3><span dir=\"auto\">4. Responsabilit\u00e9<\/span><\/h3><p><span dir=\"auto\">RUBIN UND KINDER, SL ne garantit pas l&rsquo;absence d&rsquo;erreurs dans le contenu du site web, ni sa mise \u00e0 jour, bien que son intention soit toujours de les \u00e9viter, de les corriger ou de les mettre \u00e0 jour.<\/span><\/p><p><span dir=\"auto\">Responsabilit\u00e9 relative aux donn\u00e9es tierces<\/span><\/p><p><span dir=\"auto\">L\u2019utilisateur garantit l\u2019exactitude des donn\u00e9es personnelles fournies via ce site web et s\u2019engage \u00e0 signaler toute modification. En outre, s\u2019il fournit des donn\u00e9es concernant des tiers, l\u2019utilisateur d\u00e9clare avoir obtenu leur consentement et s\u2019engage \u00e0 leur communiquer les informations contenues dans la pr\u00e9sente clause, d\u00e9gageant ainsi\u00a0<\/span><strong><span dir=\"auto\">RUBIN UND KINDER, SL<\/span><\/strong><span dir=\"auto\">\u00a0de toute responsabilit\u00e9 \u00e0 cet \u00e9gard.<\/span><\/p><p><strong><span dir=\"auto\">RUBIN UND KINDER, SL<\/span><\/strong><span dir=\"auto\">\u00a0n&rsquo;est pas responsable de l&rsquo;utilisation des donn\u00e9es de tiers que l&rsquo;utilisateur pourrait inclure ou publier via ce site web, il incombant exclusivement \u00e0 l&rsquo;utilisateur d&rsquo;avoir inform\u00e9 ces tiers et d&rsquo;avoir obtenu leur consentement.<\/span><\/p><p><strong><span dir=\"auto\">RUBIN UND KINDER, SL<\/span><\/strong><span dir=\"auto\">\u00a0n&rsquo;est pas responsable des dommages de quelque nature que ce soit qui pourraient \u00eatre caus\u00e9s au syst\u00e8me informatique de l&rsquo;utilisateur du site web, en raison de la pr\u00e9sence de virus ou d&rsquo;un dysfonctionnement du navigateur.<\/span><\/p><h3><span dir=\"auto\">5. Liens<\/span><\/h3><p><span dir=\"auto\">RUBIN UND KINDER, SL peut publier des liens externes vers ce site web s&rsquo;ils sont jug\u00e9s pertinents. S&rsquo;agissant de liens externes,\u00a0<\/span><strong><span dir=\"auto\">RUBIN UND KINDER, SL<\/span><\/strong><span dir=\"auto\">\u00a0d\u00e9cline toute responsabilit\u00e9 quant \u00e0 leur contenu et ne garantit ni la disponibilit\u00e9 technique, ni la qualit\u00e9, ni la fiabilit\u00e9, ni l&rsquo;exactitude, ni la l\u00e9galit\u00e9 des informations ou documents qui y figurent.<\/span><\/p><p><span dir=\"auto\">L&rsquo;inclusion de ces hyperliens n&rsquo;implique aucune association avec les entit\u00e9s qui en sont propri\u00e9taires.<\/span><\/p><h3><span dir=\"auto\">6. Droit d&rsquo;exclusion<\/span><\/h3><p><strong><span dir=\"auto\">RUBIN UND KINDER, SL<\/span><\/strong><span dir=\"auto\">\u00a0peut emp\u00eacher l&rsquo;acc\u00e8s au site web \u00e0 tout utilisateur qui enfreint les conditions refl\u00e9t\u00e9es dans les pr\u00e9sentes mentions l\u00e9gales.<\/span><\/p><h3><span dir=\"auto\">7. L\u00e9gislation et juridiction applicables<\/span><\/h3><p><span dir=\"auto\">\u2013 Loi sur les services de la soci\u00e9t\u00e9 de l\u2019information et le commerce \u00e9lectronique (LSSICE).<\/span><\/p><p><span dir=\"auto\">\u2013 Loi organique sur la protection des donn\u00e9es personnelles et la garantie des droits num\u00e9riques (LOPDGDD).<\/span><\/p><p><span dir=\"auto\">\u2013 R\u00e8glement g\u00e9n\u00e9ral sur la protection des donn\u00e9es (UE) 2016\/679.<\/span><\/p><p><span dir=\"auto\">\u2013 Loi g\u00e9n\u00e9rale pour la d\u00e9fense des consommateurs et des utilisateurs.<\/span><\/p><p><span dir=\"auto\">En cas de litige, les parties se soumettront aux tribunaux comp\u00e9tents du domicile du consommateur lorsque la r\u00e9glementation relative \u00e0 la consommation et \u00e0 l&rsquo;utilisation est applicable, et \u00e0 d\u00e9faut, \u00e0 ceux du domicile de\u00a0<\/span><strong><span dir=\"auto\">RUBIN UND KINDER, SL.<\/span><\/strong><\/p>\t\t\t\t\t\t\t\t<\/div>\n\t\t\t\t<\/div>\n\t\t\t\t\t<\/div>\n\t\t<\/div>\n\t\t\t\t\t<\/div>\n\t\t<\/section>\n\t\t\t\t<\/div>\n\t\t","protected":false},"excerpt":{"rendered":"<p>Avis juridique Conform\u00e9ment \u00e0 la loi 34\/2002 du 11 juin relative aux services de la soci\u00e9t\u00e9 de l&rsquo;information et au commerce \u00e9lectronique (LSSI), nous vous fournissons des informations concernant le propri\u00e9taire de ce site web\u00a0: RUBIN UND KINDER, SLCIF: B70561105PLAZA DEL TEBEO, 2, BAJO IZQ. \u2013 15006 A CORU\u00d1A (A CORU\u00d1A)info@rubinundkinder.com 1. Conditions g\u00e9n\u00e9rales d&rsquo;utilisation [&hellip;]<\/p>\n","protected":false},"author":2,"featured_media":0,"parent":0,"menu_order":0,"comment_status":"closed","ping_status":"closed","template":"","meta":{"_seopress_robots_primary_cat":"","_seopress_titles_title":"","_seopress_titles_desc":"","_seopress_robots_index":"","site-sidebar-layout":"no-sidebar","site-content-layout":"page-builder","ast-site-content-layout":"full-width-container","site-content-style":"unboxed","site-sidebar-style":"unboxed","ast-global-header-display":"","ast-banner-title-visibility":"","ast-main-header-display":"","ast-hfb-above-header-display":"","ast-hfb-below-header-display":"","ast-hfb-mobile-header-display":"","site-post-title":"disabled","ast-breadcrumbs-content":"","ast-featured-img":"disabled","footer-sml-layout":"","ast-disable-related-posts":"","theme-transparent-header-meta":"default","adv-header-id-meta":"","stick-header-meta":"","header-above-stick-meta":"","header-main-stick-meta":"","header-below-stick-meta":"","astra-migrate-meta-layouts":"default","ast-page-background-enabled":"default","ast-page-background-meta":{"desktop":{"background-color":"","background-image":"","background-repeat":"repeat","background-position":"center center","background-size":"auto","background-attachment":"scroll","background-type":"","background-media":"","overlay-type":"","overlay-color":"","overlay-opacity":"","overlay-gradient":""},"tablet":{"background-color":"","background-image":"","background-repeat":"repeat","background-position":"center center","background-size":"auto","background-attachment":"scroll","background-type":"","background-media":"","overlay-type":"","overlay-color":"","overlay-opacity":"","overlay-gradient":""},"mobile":{"background-color":"","background-image":"","background-repeat":"repeat","background-position":"center center","background-size":"auto","background-attachment":"scroll","background-type":"","background-media":"","overlay-type":"","overlay-color":"","overlay-opacity":"","overlay-gradient":""}},"ast-content-background-meta":{"desktop":{"background-color":"var(--ast-global-color-5)","background-image":"","background-repeat":"repeat","background-position":"center center","background-size":"auto","background-attachment":"scroll","background-type":"","background-media":"","overlay-type":"","overlay-color":"","overlay-opacity":"","overlay-gradient":""},"tablet":{"background-color":"var(--ast-global-color-5)","background-image":"","background-repeat":"repeat","background-position":"center center","background-size":"auto","background-attachment":"scroll","background-type":"","background-media":"","overlay-type":"","overlay-color":"","overlay-opacity":"","overlay-gradient":""},"mobile":{"background-color":"var(--ast-global-color-5)","background-image":"","background-repeat":"repeat","background-position":"center center","background-size":"auto","background-attachment":"scroll","background-type":"","background-media":"","overlay-type":"","overlay-color":"","overlay-opacity":"","overlay-gradient":""}},"footnotes":""},"class_list":["post-2899","page","type-page","status-publish","hentry"],"_links":{"self":[{"href":"https:\/\/rubinundkinder.com\/fr\/wp-json\/wp\/v2\/pages\/2899","targetHints":{"allow":["GET"]}}],"collection":[{"href":"https:\/\/rubinundkinder.com\/fr\/wp-json\/wp\/v2\/pages"}],"about":[{"href":"https:\/\/rubinundkinder.com\/fr\/wp-json\/wp\/v2\/types\/page"}],"author":[{"embeddable":true,"href":"https:\/\/rubinundkinder.com\/fr\/wp-json\/wp\/v2\/users\/2"}],"replies":[{"embeddable":true,"href":"https:\/\/rubinundkinder.com\/fr\/wp-json\/wp\/v2\/comments?post=2899"}],"version-history":[{"count":7,"href":"https:\/\/rubinundkinder.com\/fr\/wp-json\/wp\/v2\/pages\/2899\/revisions"}],"predecessor-version":[{"id":3714,"href":"https:\/\/rubinundkinder.com\/fr\/wp-json\/wp\/v2\/pages\/2899\/revisions\/3714"}],"wp:attachment":[{"href":"https:\/\/rubinundkinder.com\/fr\/wp-json\/wp\/v2\/media?parent=2899"}],"curies":[{"name":"wp","href":"https:\/\/api.w.org\/{rel}","templated":true}]}}