{"id":2916,"date":"2021-07-20T15:53:05","date_gmt":"2021-07-20T15:53:05","guid":{"rendered":"https:\/\/rubinundkinder.com\/politique-de-confidentialite\/"},"modified":"2024-03-22T16:42:46","modified_gmt":"2024-03-22T16:42:46","slug":"politique-de-confidentialite","status":"publish","type":"page","link":"https:\/\/rubinundkinder.com\/fr\/politique-de-confidentialite\/","title":{"rendered":"Politique de confidentialit\u00e9"},"content":{"rendered":"\t\t<div data-elementor-type=\"wp-page\" data-elementor-id=\"2916\" class=\"elementor elementor-2916 elementor-763\" data-elementor-post-type=\"page\">\n\t\t\t\t\t\t<section class=\"elementor-section elementor-top-section elementor-element elementor-element-f1f1404 elementor-section-boxed elementor-section-height-default elementor-section-height-default\" data-id=\"f1f1404\" data-element_type=\"section\" data-e-type=\"section\">\n\t\t\t\t\t\t<div class=\"elementor-container elementor-column-gap-default\">\n\t\t\t\t\t<div class=\"elementor-column elementor-col-100 elementor-top-column elementor-element elementor-element-c7543db\" data-id=\"c7543db\" data-element_type=\"column\" data-e-type=\"column\">\n\t\t\t<div class=\"elementor-widget-wrap elementor-element-populated\">\n\t\t\t\t\t\t<div class=\"elementor-element elementor-element-368a300 elementor-widget elementor-widget-heading\" data-id=\"368a300\" data-element_type=\"widget\" data-e-type=\"widget\" data-widget_type=\"heading.default\">\n\t\t\t\t<div class=\"elementor-widget-container\">\n\t\t\t\t\t<h2 class=\"elementor-heading-title elementor-size-default\">Politique de confidentialit\u00e9<\/h2>\t\t\t\t<\/div>\n\t\t\t\t<\/div>\n\t\t\t\t<div class=\"elementor-element elementor-element-3242d38 elementor-widget elementor-widget-text-editor\" data-id=\"3242d38\" data-element_type=\"widget\" data-e-type=\"widget\" data-widget_type=\"text-editor.default\">\n\t\t\t\t<div class=\"elementor-widget-container\">\n\t\t\t\t\t\t\t\t\t<p>L&rsquo;organe de gestion \/ de direction de <strong>RUBIN UND KINDER, S.L.<\/strong>assume la plus grande responsabilit\u00e9 et s&rsquo;engage \u00e0 \u00e9tablir, mettre en \u0153uvre et maintenir la pr\u00e9sente politique de protection des donn\u00e9es, en assurant l&rsquo;am\u00e9lioration continue du responsable du traitement dans le but d&rsquo;atteindre l&rsquo;excellence en ce qui concerne la conformit\u00e9 avec le r\u00e8glement (UE) 2016\/679 du Parlement europ\u00e9en et du Conseil du 27 avril 2016, relatif \u00e0 la protection des personnes physiques \u00e0 l&rsquo;\u00e9gard du traitement des donn\u00e9es \u00e0 caract\u00e8re personnel et \u00e0 la libre circulation de ces donn\u00e9es, et abrogeant la directive 95\/46\/CE (r\u00e8glement g\u00e9n\u00e9ral sur la protection des donn\u00e9es) (JOUE L 119\/1, 04-05-2016), et la r\u00e9glementation espagnole en mati\u00e8re de protection des donn\u00e9es \u00e0 caract\u00e8re personnel (loi organique, l\u00e9gislation sectorielle sp\u00e9cifique et ses r\u00e8gles d&rsquo;application).<\/p>\n<h4>Politique de protection des donn\u00e9es<\/h4>\n<p>La politique de protection de <strong>RUBIN UND KINDER, S.L.<\/strong><strong> <\/strong>est bas\u00e9e sur le <u>principe de la<\/u> <u>responsabilit\u00e9 proactive<\/u>, selon lequel le responsable du traitement est responsable du respect du cadre r\u00e9glementaire et jurisprudentiel qui r\u00e9git cette politique, et est en mesure de le d\u00e9montrer aux autorit\u00e9s de contr\u00f4le comp\u00e9tentes.<\/p>\n<p>\u00c0 cet \u00e9gard, le responsable du traitement est r\u00e9gi par les principes suivants, qui devraient servir de guide et de cadre de r\u00e9f\u00e9rence \u00e0 l&rsquo;ensemble de son personnel dans le cadre du traitement des donn\u00e9es \u00e0 caract\u00e8re personnel :<\/p>\n<ol>\n<li><u>Protection des donn\u00e9es d\u00e8s la conception :<\/u>  le responsable du traitement met en \u0153uvre, tant au moment de la d\u00e9termination des moyens de traitement qu&rsquo;au moment du traitement lui-m\u00eame, des mesures techniques et organisationnelles appropri\u00e9es, telles que la pseudonymisation, destin\u00e9es \u00e0 mettre en \u0153uvre efficacement les principes de protection des donn\u00e9es, tels que la minimisation des donn\u00e9es, et \u00e0 int\u00e9grer les garanties n\u00e9cessaires dans le syst\u00e8me de gestion des donn\u00e9es.<\/li>\n<li><u>Protection des donn\u00e9es par d\u00e9faut :<\/u> le responsable du traitement met en \u0153uvre les mesures techniques et organisationnelles appropri\u00e9es afin de garantir que, par d\u00e9faut, seules les donn\u00e9es \u00e0 caract\u00e8re personnel n\u00e9cessaires \u00e0 chacune des finalit\u00e9s sp\u00e9cifiques du traitement sont trait\u00e9es.<\/li>\n<li><u>Protection des donn\u00e9es dans le cycle de vie de l&rsquo;information :<\/u> les mesures garantissant la protection des donn\u00e9es \u00e0 caract\u00e8re personnel s&rsquo;appliquent tout au long du cycle de vie de l&rsquo;information.<\/li>\n<li><u>Lic\u00e9it\u00e9, loyaut\u00e9 et transparence :<\/u> les donn\u00e9es \u00e0 caract\u00e8re personnel sont trait\u00e9es de mani\u00e8re licite, loyale et transparente au regard des \u00e9l\u00e9ments suivants<\/li>\n<li><u>Limitation de la finalit\u00e9 :<\/u> les donn\u00e9es \u00e0 caract\u00e8re personnel sont collect\u00e9es pour des finalit\u00e9s d\u00e9termin\u00e9es, explicites et l\u00e9gitimes et ne sont pas trait\u00e9es ult\u00e9rieurement de mani\u00e8re incompatible avec ces finalit\u00e9s.<\/li>\n<li><u>Minimisation des donn\u00e9es :<\/u> les donn\u00e9es \u00e0 caract\u00e8re personnel sont ad\u00e9quates, pertinentes et limit\u00e9es \u00e0 ce qui est n\u00e9cessaire au regard des finalit\u00e9s pour lesquelles elles sont collect\u00e9es.<\/li>\n<li><u>Exactitude :<\/u> les donn\u00e9es \u00e0 caract\u00e8re personnel sont exactes et, si n\u00e9cessaire, mises \u00e0 jour ; toutes les mesures raisonnables sont prises pour que les donn\u00e9es \u00e0 caract\u00e8re personnel qui sont inexactes au regard des finalit\u00e9s pour lesquelles elles ont \u00e9t\u00e9 collect\u00e9es soient effac\u00e9es ou rectifi\u00e9es sans d\u00e9lai.<\/li>\n<li><u>Limitation de la conservation :<\/u> les donn\u00e9es \u00e0 caract\u00e8re personnel sont conserv\u00e9es sous une forme permettant l&rsquo;identification des personnes concern\u00e9es pendant une dur\u00e9e n&rsquo;exc\u00e9dant pas celle n\u00e9cessaire \u00e0 la r\u00e9alisation des finalit\u00e9s pour lesquelles elles sont trait\u00e9es.<\/li>\n<li><u>Int\u00e9grit\u00e9 et confidentialit\u00e9 :<\/u> les donn\u00e9es \u00e0 caract\u00e8re personnel sont trait\u00e9es de mani\u00e8re \u00e0 assurer une s\u00e9curit\u00e9 appropri\u00e9e des donn\u00e9es \u00e0 caract\u00e8re personnel, y compris la protection contre le traitement non autoris\u00e9 ou illicite et contre la perte, la destruction ou les dommages accidentels, par la mise en \u0153uvre de mesures techniques ou organisationnelles.<\/li>\n<li><u>Information et formation :<\/u> l&rsquo;une des cl\u00e9s pour garantir la protection des donn\u00e9es \u00e0 caract\u00e8re personnel est la formation et l&rsquo;information du personnel impliqu\u00e9 dans le traitement des donn\u00e9es \u00e0 caract\u00e8re personnel. Au cours du cycle de vie des informations, tous les membres du personnel ayant acc\u00e8s aux donn\u00e9es seront form\u00e9s de mani\u00e8re ad\u00e9quate et inform\u00e9s de leurs obligations en mati\u00e8re de respect des r\u00e9glementations sur la protection des donn\u00e9es.<\/li>\n<\/ol>\n<p>La politique de protection des donn\u00e9es de <strong>RUBIN UND KINDER, S.L.<\/strong> est communiqu\u00e9e \u00e0 tous les employ\u00e9s de <strong>RUBIN UND KINDER, S.L.<\/strong>.<\/p>\n<p>Le personnel du responsable du traitement des donn\u00e9es et mis \u00e0 la disposition de toutes les parties int\u00e9ress\u00e9es.<\/p>\n<p>Par cons\u00e9quent, la pr\u00e9sente politique de protection des donn\u00e9es concerne l&rsquo;ensemble du personnel du responsable du traitement, qui doit la conna\u00eetre et l&rsquo;accepter, en la consid\u00e9rant comme sienne, chaque membre \u00e9tant responsable de son application et de la v\u00e9rification des r\u00e8gles de protection des donn\u00e9es applicables \u00e0 son activit\u00e9, ainsi que de l&rsquo;identification et de l&rsquo;apport des possibilit\u00e9s d&rsquo;am\u00e9lioration \u00e9ventuellement n\u00e9cessaires.<\/p>\n<p>La Commission consid\u00e8re qu&rsquo;il est appropri\u00e9 d&rsquo;atteindre l&rsquo;excellence en mati\u00e8re de conformit\u00e9.<\/p>\n<p>Cette politique sera r\u00e9vis\u00e9e par la direction \/ l&rsquo;organe directeur de <strong>RUBIN UND KINDER, S.L.<\/strong>, autant de fois que n\u00e9cessaire, afin de s&rsquo;adapter, \u00e0 tout moment, aux dispositions en vigueur en mati\u00e8re de protection des donn\u00e9es \u00e0 caract\u00e8re personnel.<\/p>\n<h4>Vos donn\u00e9es s\u00e9curis\u00e9es<\/h4>\n<p>Informations conformes \u00e0 la r\u00e9glementation en mati\u00e8re de protection des donn\u00e9es personnelles<\/p>\n<h4>En Europe et en Espagne, il existe des r\u00e9glementations sur la protection des donn\u00e9es destin\u00e9es \u00e0 prot\u00e9ger vos informations personnelles, qui sont obligatoires pour notre entreprise.<\/h4>\n<p>Il est donc tr\u00e8s important pour nous que vous compreniez parfaitement ce que nous allons faire des donn\u00e9es personnelles que nous vous demandons.<\/p>\n<p>Nous serons transparents et vous donnerons le contr\u00f4le de vos donn\u00e9es, avec un langage simple et des choix clairs qui vous permettront de d\u00e9cider de ce que nous faisons de vos informations personnelles.<\/p>\n<p>N&rsquo;h\u00e9sitez pas \u00e0 nous contacter si vous avez des questions apr\u00e8s avoir lu ces informations.<\/p>\n<h4>Identification du titulaire<\/h4>\n<p><strong>Propri\u00e9taire<\/strong>: <strong>RUBIN UND KINDER, S.L.<\/strong><br \/><strong>Adresse du si\u00e8ge social<\/strong>: Pol\u00edgono industrial Pocomaco (CL2), S\/N &#8211; PAR P-11<br \/><strong>Ville<\/strong>: A Coru\u00f1a<br \/><strong>CODE POSTAL<\/strong>: 15190<br \/><strong>T\u00e9l\u00e9phone<\/strong>: 881 08 48 91<br \/><strong>Courriel<\/strong>: info@rubinundkinder.com<br \/><strong>C.I.F<\/strong>: B-70561105<br \/><strong>Activit\u00e9<\/strong>: Promoteur immobilier<\/p>\n<h4>\u00c0 quelles fins utiliserons-nous vos donn\u00e9es ?<\/h4>\n<p>En g\u00e9n\u00e9ral, vos donn\u00e9es personnelles seront utilis\u00e9es pour vous contacter et vous fournir nos services.<\/p>\n<p>Elles peuvent \u00e9galement \u00eatre utilis\u00e9es pour d&rsquo;autres activit\u00e9s, telles que l&rsquo;envoi de publicit\u00e9 ou la promotion de nos activit\u00e9s.<\/p>\n<h4>Pourquoi avons-nous besoin d&rsquo;utiliser vos donn\u00e9es ?<\/h4>\n<p>Vos donn\u00e9es personnelles sont n\u00e9cessaires pour que nous puissions interagir avec vous et vous fournir nos services. \u00c0 cet \u00e9gard, nous vous fournirons un certain nombre de cases \u00e0 cocher qui vous permettront de faire un choix clair et simple quant \u00e0 l&rsquo;utilisation de vos informations personnelles.<\/p>\n<h4>Qui conna\u00eetra les informations que nous demandons ?<\/h4>\n<p>En g\u00e9n\u00e9ral, seul le personnel d\u00fbment autoris\u00e9 de notre organisation peut avoir acc\u00e8s aux informations que nous vous demandons.<\/p>\n<p>De m\u00eame, vos informations personnelles peuvent \u00eatre divulgu\u00e9es aux entit\u00e9s qui doivent y avoir acc\u00e8s pour que nous puissions vous fournir nos services. Par exemple, notre banque conna\u00eetra vos coordonn\u00e9es si vous payez nos services par carte de cr\u00e9dit ou par virement bancaire.<\/p>\n<p>Les entit\u00e9s publiques ou priv\u00e9es auxquelles nous sommes oblig\u00e9s de fournir vos donn\u00e9es personnelles pour nous conformer \u00e0 la loi auront \u00e9galement connaissance de vos informations. Pour vous donner un exemple, la loi fiscale oblige \u00e0 fournir \u00e0 l&rsquo;agence fiscale certaines informations sur les transactions \u00e9conomiques d\u00e9passant un certain montant.<\/p>\n<p>Si, en dehors des cas mentionn\u00e9s ci-dessus, nous devons divulguer vos informations personnelles \u00e0 d&rsquo;autres entit\u00e9s, nous vous demanderons votre autorisation pr\u00e9alable par le biais d&rsquo;options claires qui vous permettront de prendre une d\u00e9cision \u00e0 cet \u00e9gard.<\/p>\n<h4>Comment prot\u00e9geons-nous vos donn\u00e9es ?<\/h4>\n<p>Nous prot\u00e9gerons vos donn\u00e9es par des mesures de s\u00e9curit\u00e9 efficaces correspondant aux risques associ\u00e9s \u00e0 l&rsquo;utilisation de vos informations.<\/p>\n<p>\u00c0 cette fin, nous avons approuv\u00e9 une politique de protection des donn\u00e9es et des contr\u00f4les et audits annuels sont effectu\u00e9s pour garantir que vos donn\u00e9es personnelles sont s\u00e9curis\u00e9es \u00e0 tout moment.<\/p>\n<h4>Envoyons-nous vos donn\u00e9es dans d&rsquo;autres pays ?<\/h4>\n<p>Il y a des pays dans le monde qui sont s\u00fbrs pour vos donn\u00e9es et d&rsquo;autres qui le sont moins. Par exemple, l&rsquo;Union europ\u00e9enne est un environnement s\u00fbr pour ses citoyens.<\/p>\n<p>donn\u00e9es. Nous avons pour principe de ne pas envoyer vos informations personnelles dans un pays qui n&rsquo;est pas s\u00fbr du point de vue de la protection des donn\u00e9es.<\/p>\n<p>Dans le cas o\u00f9, pour vous fournir le service, il est indispensable d&rsquo;envoyer vos donn\u00e9es dans un pays qui n&rsquo;est pas aussi s\u00fbr que l&rsquo;Espagne, nous vous demanderons toujours votre autorisation pr\u00e9alable et nous mettrons en \u0153uvre des mesures de s\u00e9curit\u00e9 efficaces pour r\u00e9duire les risques li\u00e9s \u00e0 l&rsquo;envoi de vos informations personnelles dans un autre pays.<\/p>\n<h4>Combien de temps conserverons-nous vos donn\u00e9es ?<\/h4>\n<p>Nous conserverons vos donn\u00e9es pendant toute la dur\u00e9e de notre relation et aussi longtemps que la loi nous y oblige. Une fois que les d\u00e9lais l\u00e9gaux applicables ont expir\u00e9, nous les \u00e9liminons d&rsquo;une mani\u00e8re s\u00fbre et respectueuse de l&rsquo;environnement.<\/p>\n<h4>Quels sont vos droits en mati\u00e8re de protection des donn\u00e9es ?<\/h4>\n<p>Vous pouvez nous contacter \u00e0 tout moment pour conna\u00eetre les informations que nous d\u00e9tenons \u00e0 votre sujet, les rectifier si elles sont incorrectes et les supprimer apr\u00e8s la fin de notre relation, lorsque cela est l\u00e9galement possible.<\/p>\n<p>Vous avez \u00e9galement le droit de demander le transfert de vos informations \u00e0 une autre entit\u00e9. Ce droit est appel\u00e9 \u00ab\u00a0portabilit\u00e9\u00a0\u00bb et peut \u00eatre utile dans certaines situations.<\/p>\n<p>Pour faire valoir l&rsquo;un de ces droits, vous devez en faire la demande par \u00e9crit \u00e0 notre adresse, accompagn\u00e9e d&rsquo;une photocopie de votre carte d&rsquo;identit\u00e9, afin que nous puissions vous identifier.<\/p>\n<p>Des formulaires sp\u00e9cifiques sont disponibles dans nos bureaux pour demander ces droits et nous vous offrons notre aide pour les remplir.<\/p>\n<p>Pour en savoir plus sur vos droits en mati\u00e8re de protection des donn\u00e9es, vous pouvez consulter le site web de l&rsquo;Agence espagnole de protection des donn\u00e9es<a href=\"http:\/\/www.agpd.es\/\">(www.agpd.es<\/a>).<\/p>\n<h4>Pouvez-vous retirer votre consentement si vous changez d&rsquo;avis ult\u00e9rieurement ?<\/h4>\n<p>Vous pouvez \u00e0 tout moment retirer votre consentement si vous changez d&rsquo;avis sur l&rsquo;utilisation de vos donn\u00e9es.<\/p>\n<p>Ainsi, par exemple, si vous avez \u00e9t\u00e9 int\u00e9ress\u00e9 par la r\u00e9ception de publicit\u00e9 pour nos produits ou services, mais que vous ne souhaitez plus recevoir de publicit\u00e9, vous pouvez nous le faire savoir en remplissant le formulaire d&rsquo;opposition disponible dans nos bureaux.<\/p>\n<h4>Si vous pensez que vos droits n&rsquo;ont pas \u00e9t\u00e9 respect\u00e9s<\/h4>\n<p><strong>O\u00f9 d\u00e9poser une plainte ?<\/strong><\/p>\n<p>Si vous estimez que notre entit\u00e9 n&rsquo;a pas respect\u00e9 vos droits, vous pouvez d\u00e9poser une plainte aupr\u00e8s de l&rsquo;Agence espagnole de protection des donn\u00e9es, par l&rsquo;un des moyens suivants :<\/p>\n<p>Si\u00e8ge \u00e9lectronique : <a href=\"http:\/\/www.agpd.es\/\">www.agpd.es<\/a><\/p>\n<h4>Adresse postale :<\/h4>\n<p>Agence espagnole de protection des donn\u00e9es (Agencia Espa\u00f1ola de Protecci\u00f3n de Datos) C\/ Jorge Juan, 6<\/p>\n<p>28001-Madrid<\/p>\n<h4>Via Telef\u00f3nica :<\/h4>\n<p>T\u00e9l. 901 100 099 \/ T\u00e9l. 91 266 35 17<\/p>\n<p>Le d\u00e9p\u00f4t d&rsquo;une plainte aupr\u00e8s de l&rsquo;Agence espagnole de protection des donn\u00e9es n&rsquo;entra\u00eene aucun co\u00fbt et l&rsquo;assistance d&rsquo;un avocat ou d&rsquo;un juriste n&rsquo;est pas n\u00e9cessaire.<\/p>\n<h4>Allons-nous \u00e9tablir votre profil ?<\/h4>\n<p>Nous avons pour principe de ne pas \u00e9tablir de profil pour les utilisateurs de nos services.<\/p>\n<p>Toutefois, il peut arriver que, pour la prestation de services, le marketing ou d&rsquo;autres raisons, nous ayons besoin d&rsquo;\u00e9tablir un profil des informations vous concernant. Un exemple pourrait \u00eatre l&rsquo;utilisation de votre historique d&rsquo;achat ou de service pour pouvoir vous proposer des produits ou des services adapt\u00e9s \u00e0 vos go\u00fbts ou \u00e0 vos besoins.<\/p>\n<p>Dans ce cas, nous mettrons en \u0153uvre des mesures de s\u00e9curit\u00e9 efficaces pour prot\u00e9ger \u00e0 tout moment vos informations contre les personnes non autoris\u00e9es cherchant \u00e0 les utiliser \u00e0 leur profit.<\/p>\n<h4>Utiliserons-nous vos donn\u00e9es \u00e0 d&rsquo;autres fins ?<\/h4>\n<p>Nous avons pour principe de ne pas utiliser vos donn\u00e9es \u00e0 d&rsquo;autres fins que celles que nous vous avons expliqu\u00e9es. Si, toutefois, nous devons utiliser vos donn\u00e9es pour d&rsquo;autres activit\u00e9s, nous vous demanderons toujours votre autorisation au pr\u00e9alable en vous proposant des options claires pour que vous puissiez d\u00e9cider.<\/p>\n<h4>Politique de confidentialit\u00e9 des m\u00e9dias sociaux<\/h4>\n<p>Conform\u00e9ment aux dispositions de la r\u00e9glementation en vigueur en mati\u00e8re de protection des donn\u00e9es personnelles (RGPD) et de la loi 34\/2002, du 11 juillet, sur les services de la soci\u00e9t\u00e9 de l&rsquo;information et le commerce \u00e9lectronique (LSSI-CE), Web On Line S.L. informe les utilisateurs qu&rsquo;elle a proc\u00e9d\u00e9 \u00e0 la cr\u00e9ation d&rsquo;un profil sur le(s) r\u00e9seau(x) social(aux) Facebook, Twitter, Google +, dans le but principal de faire de la publicit\u00e9 pour ses produits et services.<\/p>\n<p>L&rsquo;utilisateur a un profil sur le m\u00eame r\u00e9seau social et a d\u00e9cid\u00e9 d&rsquo;adh\u00e9rer \u00e0 la page cr\u00e9\u00e9e par <strong>RUBIN UND KINDER, S.L.<\/strong><strong>,<\/strong> manifestant ainsi son int\u00e9r\u00eat pour l&rsquo;information annonc\u00e9e sur le r\u00e9seau. En rejoignant notre site, vous consentez au traitement des donn\u00e9es personnelles publi\u00e9es dans votre profil.<\/p>\n<p>L&rsquo;utilisateur peut \u00e0 tout moment acc\u00e9der aux politiques de confidentialit\u00e9 du r\u00e9seau social et configurer son profil pour garantir le respect de sa vie priv\u00e9e.<\/p>\n<p><strong>RUBIN UND KINDER, S.L. <\/strong>a acc\u00e8s et traite les informations publiques concernant l&rsquo;utilisateur, en particulier le nom de contact de l&rsquo;utilisateur. Ces donn\u00e9es ne sont utilis\u00e9es qu&rsquo;au sein du r\u00e9seau social lui-m\u00eame. Ils ne sont inclus dans aucun fichier.<\/p>\n<p>En ce qui concerne les droits d&rsquo;acc\u00e8s, de rectification, d&rsquo;annulation et d&rsquo;opposition dont vous disposez et que vous pouvez exercer aupr\u00e8s de <strong>RUBIN UND KINDER, S.L.<\/strong>, de<\/p>\n<p>Conform\u00e9ment au GDPR, les nuances suivantes doivent \u00eatre prises en compte :<\/p>\n<p>Acc\u00e8s : il sera d\u00e9fini par la fonctionnalit\u00e9 du r\u00e9seau social et la capacit\u00e9 d&rsquo;acc\u00e9der aux informations contenues dans les profils des utilisateurs. Rectification : Elle ne peut \u00eatre satisfaite que pour les informations qui sont sous le contr\u00f4le de <strong>RUBIN UND KINDER, S.L.<\/strong>, par exemple, supprimer les commentaires post\u00e9s sur la page elle-m\u00eame. Normalement, vous devez exercer ce droit aupr\u00e8s du r\u00e9seau social. Annulation et\/ou opposition : comme dans le cas pr\u00e9c\u00e9dent, cette condition ne peut \u00eatre remplie que pour les informations qui sont sous le contr\u00f4le du <strong>Facility Service Paipa<\/strong>.<strong> <\/strong>  par exemple, n&rsquo;est plus li\u00e9 au profil.<\/p>\n<h4><strong>RUBIN UND KINDER, S.L. <\/strong>r\u00e9alisera les actions suivantes :<\/h4>\n<p>Acc\u00e8s aux informations du profil public.<\/p>\n<p>Envoyer des messages personnels et individuels par le biais des r\u00e9seaux sociaux.<\/p>\n<p>Mise \u00e0 jour de l&rsquo;\u00e9tat de la page sur le profil de l&rsquo;utilisateur.<\/p>\n<p>Vous pouvez toujours contr\u00f4ler vos connexions, supprimer les contenus qui ne vous int\u00e9ressent plus et limiter les personnes avec lesquelles vous partagez vos connexions en acc\u00e9dant \u00e0 vos param\u00e8tres de confidentialit\u00e9.<\/p>\n<h4>Publications<\/h4>\n<p>Une fois que l&rsquo;utilisateur aura rejoint le site web de <strong>RUBIN UND KINDER, S.L.<\/strong>, il pourra publier des commentaires, des liens, des images ou des photographies ou tout autre type de contenu multim\u00e9dia pris en charge par le r\u00e9seau social. L&rsquo;utilisateur doit, dans tous les cas, \u00eatre titulaire des droits d&rsquo;auteur et de propri\u00e9t\u00e9 intellectuelle ou avoir l&rsquo;accord des tiers concern\u00e9s. Toute publication sur le site, qu&rsquo;il s&rsquo;agisse de textes, de graphiques, de photographies, de vid\u00e9os, etc. qui portent atteinte ou sont susceptibles de porter atteinte \u00e0 la morale, \u00e0 l&rsquo;\u00e9thique, au bon go\u00fbt ou aux bonnes m\u0153urs, et\/ou qui enfreignent, violent ou violent les droits de propri\u00e9t\u00e9 intellectuelle ou industrielle, le droit \u00e0 l&rsquo;image ou la loi, est express\u00e9ment interdite. Dans ces cas, <strong>RUBIN UND KINDER, S.L.<\/strong><strong> <\/strong>se r\u00e9serve le droit de supprimer imm\u00e9diatement le contenu et peut demander le blocage permanent de l&rsquo;utilisateur.  <strong>RUBIN UND KINDER, S.L.<\/strong><strong> <\/strong>n&rsquo;est pas responsable des contenus librement publi\u00e9s par un utilisateur.<\/p>\n<p>Les utilisateurs doivent \u00eatre conscients que leurs messages seront connus des autres utilisateurs et qu&rsquo;ils sont donc les premiers responsables de la protection de leur vie priv\u00e9e.<\/p>\n<p>Les images qui peuvent \u00eatre publi\u00e9es sur la page ne seront stock\u00e9es dans aucun fichier par <strong>RUBIN UND KINDER, S.L.<\/strong>, mais elles resteront dans le r\u00e9seau social.<\/p>\n\t\t\t\t\t\t\t\t<\/div>\n\t\t\t\t<\/div>\n\t\t\t\t\t<\/div>\n\t\t<\/div>\n\t\t\t\t\t<\/div>\n\t\t<\/section>\n\t\t\t\t<\/div>\n\t\t","protected":false},"excerpt":{"rendered":"<p>Politique de confidentialit\u00e9 L&rsquo;organe de gestion \/ de direction de RUBIN UND KINDER, S.L.assume la plus grande responsabilit\u00e9 et s&rsquo;engage \u00e0 \u00e9tablir, mettre en \u0153uvre et maintenir la pr\u00e9sente politique de protection des donn\u00e9es, en assurant l&rsquo;am\u00e9lioration continue du responsable du traitement dans le but d&rsquo;atteindre l&rsquo;excellence en ce qui concerne la conformit\u00e9 avec le [&hellip;]<\/p>\n","protected":false},"author":2,"featured_media":0,"parent":0,"menu_order":0,"comment_status":"closed","ping_status":"closed","template":"","meta":{"_seopress_robots_primary_cat":"","_seopress_titles_title":"","_seopress_titles_desc":"","_seopress_robots_index":"","site-sidebar-layout":"no-sidebar","site-content-layout":"page-builder","ast-site-content-layout":"full-width-container","site-content-style":"unboxed","site-sidebar-style":"unboxed","ast-global-header-display":"","ast-banner-title-visibility":"","ast-main-header-display":"","ast-hfb-above-header-display":"","ast-hfb-below-header-display":"","ast-hfb-mobile-header-display":"","site-post-title":"disabled","ast-breadcrumbs-content":"","ast-featured-img":"disabled","footer-sml-layout":"","ast-disable-related-posts":"","theme-transparent-header-meta":"default","adv-header-id-meta":"","stick-header-meta":"","header-above-stick-meta":"","header-main-stick-meta":"","header-below-stick-meta":"","astra-migrate-meta-layouts":"default","ast-page-background-enabled":"default","ast-page-background-meta":{"desktop":{"background-color":"","background-image":"","background-repeat":"repeat","background-position":"center center","background-size":"auto","background-attachment":"scroll","background-type":"","background-media":"","overlay-type":"","overlay-color":"","overlay-opacity":"","overlay-gradient":""},"tablet":{"background-color":"","background-image":"","background-repeat":"repeat","background-position":"center center","background-size":"auto","background-attachment":"scroll","background-type":"","background-media":"","overlay-type":"","overlay-color":"","overlay-opacity":"","overlay-gradient":""},"mobile":{"background-color":"","background-image":"","background-repeat":"repeat","background-position":"center center","background-size":"auto","background-attachment":"scroll","background-type":"","background-media":"","overlay-type":"","overlay-color":"","overlay-opacity":"","overlay-gradient":""}},"ast-content-background-meta":{"desktop":{"background-color":"var(--ast-global-color-5)","background-image":"","background-repeat":"repeat","background-position":"center center","background-size":"auto","background-attachment":"scroll","background-type":"","background-media":"","overlay-type":"","overlay-color":"","overlay-opacity":"","overlay-gradient":""},"tablet":{"background-color":"var(--ast-global-color-5)","background-image":"","background-repeat":"repeat","background-position":"center center","background-size":"auto","background-attachment":"scroll","background-type":"","background-media":"","overlay-type":"","overlay-color":"","overlay-opacity":"","overlay-gradient":""},"mobile":{"background-color":"var(--ast-global-color-5)","background-image":"","background-repeat":"repeat","background-position":"center center","background-size":"auto","background-attachment":"scroll","background-type":"","background-media":"","overlay-type":"","overlay-color":"","overlay-opacity":"","overlay-gradient":""}},"footnotes":""},"class_list":["post-2916","page","type-page","status-publish","hentry"],"_links":{"self":[{"href":"https:\/\/rubinundkinder.com\/fr\/wp-json\/wp\/v2\/pages\/2916","targetHints":{"allow":["GET"]}}],"collection":[{"href":"https:\/\/rubinundkinder.com\/fr\/wp-json\/wp\/v2\/pages"}],"about":[{"href":"https:\/\/rubinundkinder.com\/fr\/wp-json\/wp\/v2\/types\/page"}],"author":[{"embeddable":true,"href":"https:\/\/rubinundkinder.com\/fr\/wp-json\/wp\/v2\/users\/2"}],"replies":[{"embeddable":true,"href":"https:\/\/rubinundkinder.com\/fr\/wp-json\/wp\/v2\/comments?post=2916"}],"version-history":[{"count":3,"href":"https:\/\/rubinundkinder.com\/fr\/wp-json\/wp\/v2\/pages\/2916\/revisions"}],"predecessor-version":[{"id":2936,"href":"https:\/\/rubinundkinder.com\/fr\/wp-json\/wp\/v2\/pages\/2916\/revisions\/2936"}],"wp:attachment":[{"href":"https:\/\/rubinundkinder.com\/fr\/wp-json\/wp\/v2\/media?parent=2916"}],"curies":[{"name":"wp","href":"https:\/\/api.w.org\/{rel}","templated":true}]}}